{"id":1345,"date":"2021-10-25T16:10:25","date_gmt":"2021-10-25T14:10:25","guid":{"rendered":"https:\/\/www.virtualdomus.com\/avis-legal\/"},"modified":"2022-04-26T14:36:11","modified_gmt":"2022-04-26T12:36:11","slug":"aviso-legal","status":"publish","type":"page","link":"https:\/\/www.virtualdomus.com\/es\/aviso-legal\/","title":{"rendered":"Aviso legal"},"content":{"rendered":"<h3>Introducci\u00f3n<\/h3>\r\n<p>VirtualDomus es una empresa que de acuerdo con lo que establece el Reglamento UE 2016\/679 del Parlamento Europeo y del Consejo de 27 de abril de 2016, relativo a la protecci\u00f3n de las personas f\u00edsicas en cuanto al tratamiento de los datos personales y la libre circulaci\u00f3n de \u00e9stas, ha desarrollado procedimientos globales sobre el uso de la informaci\u00f3n para garantizar el respeto de la privacidad y protecci\u00f3n de los datos de los usuarios. Nuestra Pol\u00edtica de Privacidad expone los procedimientos que aplica VirtualDomus a la informaci\u00f3n enviada por Internet para el manejo de los datos de car\u00e1cter personal y no personal, y est\u00e1 elaborada de acuerdo a las leyes y normativas aplicables en Espa\u00f1a. Le rogamos que lea atentamente esta Pol\u00edtica de Privacidad antes de utilizar la p\u00e1gina web de VirtualDomus (en adelante \u00abLugar\u00bb).<\/p>\r\n<h3>\u00bfC\u00f3mo se utiliza su informaci\u00f3n?<\/h3>\r\n<p>VirtualDomus no vender\u00e1, alquilar\u00e1, prestar\u00e1 ni ceder\u00e1 su informaci\u00f3n personal a terceros a menos que usted lo autorice o VirtualDomus est\u00e9 obligado a hacerlo por ley. no usar\u00e1 ni compartir\u00e1 la informaci\u00f3n personal que usted nos facilite a trav\u00e9s de Internet para fines no relacionados con los aqu\u00ed descritos. En caso de requerir sus datos para otros fines, se le comunicar\u00e1 para que pueda aceptar si as\u00ed lo desea. S\u00f3lo compartiremos su informaci\u00f3n personal con entidades de VirtualDomus (incluidas empresas filiales y asociadas) y\/o con colaboradores que act\u00faen en nuestro nombre para suministrar el servicio o la informaci\u00f3n que usted ha solicitado, as\u00ed como para consolidar el almacenamiento de datos o para simplificar la gesti\u00f3n de los datos de los clientes. Estas entidades y\/o colaboradores de VirtualDomus est\u00e1n sujetas a nuestra Pol\u00edtica de Privacidad en cuanto al uso de la informaci\u00f3n de car\u00e1cter personal, as\u00ed como a los acuerdos de confidencialidad aplicables en cada caso.<\/p>\r\n<h3>\u00bfQu\u00e9 informaci\u00f3n recopilamos?<\/h3>\r\n<p><strong>Informaci\u00f3n no personal<\/strong><\/p>\r\n<p>Al visitar nuestro Sitio, usted puede realizar diversas operaciones sin necesidad de facilitarnos sus datos personales. Sin embargo, utilizamos para recopilar y reunir informaci\u00f3n sobre las p\u00e1ginas visitadas, el orden en el que han sido visitadas y los enlaces utilizados, entre otros datos. Esta informaci\u00f3n no est\u00e1 relacionada con ning\u00fan dato de identificaci\u00f3n personal. La informaci\u00f3n de car\u00e1cter no personal que recopilamos nos ayuda a identificar las zonas m\u00e1s visitadas de nuestro Sitio ya conocer la eficacia de nuestras actividades promocionales.<\/p>\r\n<p><strong>Informaci\u00f3n personal<\/strong><\/p>\r\n<p>En algunos espacios del Sitio de VirtualDomus, puede realizar solicitudes, expresar su opini\u00f3n o suscribirse a uno de nuestros servicios en Internet. Los datos de identificaci\u00f3n personales que se pueden recopilar en estas p\u00e1ginas pueden ser del mismo tipo que los siguientes: nombre, direcci\u00f3n, direcci\u00f3n de correo electr\u00f3nico, n\u00famero de tel\u00e9fono, n\u00famero de fax e informaci\u00f3n sobre su opini\u00f3n y uso de varios servicios. utiliza todos estos datos para comprender mejor sus necesidades y ofrecerle un mejor servicio. Los datos personales contenidos en el formulario ser\u00e1n conservados por la entidad por tiempo indefinido o por el tiempo establecido por la normativa aplicable en cada caso. Con la firma de la presente solicitud consiente expresamente la comunicaci\u00f3n de sus datos por parte de VirtualDomus con entidades filiales o asociadas, con fines propios de gesti\u00f3n, as\u00ed como para poder mantenerle informado de las novedades, actividades, proyectos que lleven a cabo. Le informamos que no est\u00e1 prevista la realizaci\u00f3n de transferencias internacionales de datos.<\/p>\r\n<h3>\u00bfPor qu\u00e9 recopilamos su informaci\u00f3n personal?<\/h3>\r\n<p><strong>Listas de correo<\/strong><\/p>\r\n<p>En ocasiones, VirtualDomus ofrece a los visitantes la posibilidad de facilitar su direcci\u00f3n de correo electr\u00f3nico para recibir un bolet\u00edn de noticias o informaci\u00f3n sobre un servicio. Estas direcciones de correo s\u00f3lo se utilizar\u00e1n a tal fin y nunca se compartir\u00e1n con otras empresas a menos que usted as\u00ed lo autorice.<\/p>\r\n<h3>\u00bfC\u00f3mo protegemos su informaci\u00f3n?<\/h3>\r\n<p>Para impedir el acceso o revelaci\u00f3n de datos no autorizados, as\u00ed como para mantener la precisi\u00f3n de los datos y garantizar un uso adecuado de la informaci\u00f3n, hemos empleado medios f\u00edsicos, electr\u00f3nicos y de gesti\u00f3n para salvaguardar los datos que hemos recopilado a trav\u00e9s de Internet.<\/p>\r\n<h3>Acceso a su informaci\u00f3n<\/h3>\r\n<p>Usted tiene derecho a acceder a su informaci\u00f3n personal, rectificar y suprimirla en cualquier momento, as\u00ed como tiene derecho a oponerse al tratamiento de sus datos. Tambi\u00e9n tiene derecho a solicitar y obtener una limitaci\u00f3n del tratamiento de sus datos, as\u00ed como a solicitar la portabilidad de sus datos a otro responsable. Para ejercer estos derechos, p\u00f3ngase en contacto con nosotros en el formulario de contacto de esta p\u00e1gina web.<\/p>\r\n<h3>Sitios webs de terceros<\/h3>\r\n<p>Nuestra Pol\u00edtica de Privacidad s\u00f3lo se aplica a los espacios del Sitio Web controlados por VirtualDomus, y los enlaces a p\u00e1ginas web de terceros s\u00f3lo se facilitan para su comodidad. Es recomendable que consulte la pol\u00edtica de privacidad de estos sitios web antes de facilitarles datos de car\u00e1cter personal. no ha revisado todos los sitios web de terceros, no tiene ning\u00fan control sobre ellos y declina toda responsabilidad con respecto a estos sitios, su contenido y sus pol\u00edticas de privacidad. Por eso, VirtualDomus no aprueba ni act\u00faa en representaci\u00f3n de estas p\u00e1ginas web ni de la informaci\u00f3n, los productos u otros materiales que puedan contener.<\/p>\r\n<h3>\u00bfC\u00f3mo contactar con nosotros?<\/h3>\r\n<p>Su opini\u00f3n es muy importante para nosotros. Si tiene alguna pregunta o desea realizar alg\u00fan comentario sobre nuestra Pol\u00edtica de Privacidad, p\u00f3ngase en contacto con nosotros en el formulario de contacto de esta p\u00e1gina web Tambi\u00e9n puede hacerlo escribiendo en:<\/p>\r\n<h3>Datos de contacto<\/h3>\r\n<p>VirtualDomus <br \/>c.\/ Campins 22, 1\u00ba 3\u00aa<br \/>08470 &#8211; Sant Celoni [BCN]<br \/><br \/>Tel. 93 848 47 47<br \/><a class=\"red\" href=\"https:\/\/web.archive.org\/web\/20210117160337\/mailto:info@virtualdomus.com\">info@virtualdomus.com<\/a><\/p>\r\n","protected":false},"excerpt":{"rendered":"<p>Introducci\u00f3n VirtualDomus es una empresa que de acuerdo con lo que establece el Reglamento UE 2016\/679 del Parlamento Europeo y del Consejo de 27 de abril de 2016, relativo a la protecci\u00f3n de las personas f\u00edsicas en cuanto al tratamiento de los datos personales y la libre circulaci\u00f3n de \u00e9stas, ha desarrollado procedimientos globales sobre&hellip;<\/p>\n","protected":false},"author":1,"featured_media":0,"parent":0,"menu_order":0,"comment_status":"closed","ping_status":"closed","template":"","meta":{"footnotes":""},"class_list":["post-1345","page","type-page","status-publish","hentry","description-off"],"_links":{"self":[{"href":"https:\/\/www.virtualdomus.com\/es\/wp-json\/wp\/v2\/pages\/1345","targetHints":{"allow":["GET"]}}],"collection":[{"href":"https:\/\/www.virtualdomus.com\/es\/wp-json\/wp\/v2\/pages"}],"about":[{"href":"https:\/\/www.virtualdomus.com\/es\/wp-json\/wp\/v2\/types\/page"}],"author":[{"embeddable":true,"href":"https:\/\/www.virtualdomus.com\/es\/wp-json\/wp\/v2\/users\/1"}],"replies":[{"embeddable":true,"href":"https:\/\/www.virtualdomus.com\/es\/wp-json\/wp\/v2\/comments?post=1345"}],"version-history":[{"count":3,"href":"https:\/\/www.virtualdomus.com\/es\/wp-json\/wp\/v2\/pages\/1345\/revisions"}],"predecessor-version":[{"id":1372,"href":"https:\/\/www.virtualdomus.com\/es\/wp-json\/wp\/v2\/pages\/1345\/revisions\/1372"}],"wp:attachment":[{"href":"https:\/\/www.virtualdomus.com\/es\/wp-json\/wp\/v2\/media?parent=1345"}],"curies":[{"name":"wp","href":"https:\/\/api.w.org\/{rel}","templated":true}]}}