{"id":1344,"date":"2018-02-05T06:08:16","date_gmt":"2018-02-05T05:08:16","guid":{"rendered":"https:\/\/www.virtualdomus.com\/empresa\/"},"modified":"2022-04-26T13:50:54","modified_gmt":"2022-04-26T11:50:54","slug":"empresa","status":"publish","type":"page","link":"https:\/\/www.virtualdomus.com\/es\/empresa\/","title":{"rendered":"Empresa"},"content":{"rendered":"<div class=\"wpb-content-wrapper\"><p>[vc_row equal_height=\u00bbyes\u00bb bg_type=\u00bbbg_color\u00bb css=\u00bb.vc_custom_1591355672677{padding-bottom: 20px !important;}\u00bb bg_color_value=\u00bb#ffffff\u00bb][vc_column css=\u00bb.vc_custom_1629451090153{margin-right: 25px !important;margin-bottom: 50px !important;margin-left: 25px !important;padding-top: 50px !important;padding-right: 50px !important;padding-bottom: 50px !important;padding-left: 50px !important;background-color: #ffffff !important;}\u00bb offset=\u00bbvc_col-lg-7 vc_col-md-8&#8243;]<div id=\"ultimate-heading-425869fde6e80ca7d\" class=\"uvc-heading ult-adjust-bottom-margin ultimate-heading-425869fde6e80ca7d uvc-9934 accent-border-color\" data-hspacer=\"line_only\"  data-halign=\"center\" style=\"text-align:center\"><div class=\"uvc-main-heading ult-responsive\"  data-ultimate-target='.uvc-heading.ultimate-heading-425869fde6e80ca7d h2'  data-responsive-json-new='{\"font-size\":\"desktop:34px;mobile_landscape:24px;\",\"line-height\":\"desktop:44px;mobile_landscape:34px;\"}' ><h2 style=\"font-weight:bold;margin-bottom:20px;\">Virtualdomus<\/h2><\/div><div class=\"uvc-heading-spacer line_only\" style=\"margin-bottom:30px;height:4px;\"><span class=\"uvc-headings-line\" style=\"border-style:solid;border-bottom-width:4px;border-color:;width:100px;\"><\/span><\/div><\/div>[vc_column_text css=\u00bb.vc_custom_1650973630463{padding-bottom: 30px !important;}\u00bb]<strong>VirtualDomus.com<\/strong> se cre\u00f3 en 1999 con el prop\u00f3sito de ofrecer al p\u00fablico productos basados en la edici\u00f3n multimedia online.<\/p>\n<p>Desde su formaci\u00f3n ha ganado reconocimiento por sus iniciativas en el desarrollo de dise\u00f1os web interactivos situ\u00e1ndose en el coraz\u00f3n de la WWW desde Sant Celoni, a medio camino entre Barcelona y Girona.[\/vc_column_text][vc_row_inner][vc_column_inner width=\u00bb1\/3&#8243; css=\u00bb.vc_custom_1518188473692{padding-bottom: 50px !important;}\u00bb]<div class=\"stats-block stats-top  accent-icon-color  vc_custom_1650973650992\"><div class=\"aio-icon-top\"><div class=\"ult-just-icon-wrapper  \"><div class=\"align-icon\" style=\"text-align:center;\">\n<div class=\"aio-icon none \"  style=\"color:#333333;font-size:32px;display:inline-block;\">\n\t<i class=\"icomoon-fontawesome-16x16-address-card\"><\/i>\n<\/div><\/div><\/div><\/div><div class=\"stats-desc\" id=\"counter-responsv-wrap-5893\"><div id=\"counter_81567194369fde6e80cd63\" data-id=\"counter_81567194369fde6e80cd63\"  data-ultimate-target='#counter-responsv-wrap-5893 .stats-number'  data-responsive-json-new='{\"font-size\":\"desktop:34px;\",\"line-height\":\"desktop:44px;\"}'  class=\"stats-number ult-responsive\" style=\" color:#333333; font-weight:bold;color:#333333;\" data-speed=\"3\" data-counter-value=\"6\" data-separator=\",\" data-decimal=\".\">0<\/div><div id=\"title-counter_81567194369fde6e80cd63\"  data-ultimate-target='#counter-responsv-wrap-5893 .stats-text'  data-responsive-json-new='{\"font-size\":\"desktop:18px;\",\"line-height\":\"desktop:24px;\"}'  class=\"stats-text ult-responsive\" style=\"font-size:px; color:#333333; font-weight:bold;\">equipo<\/div><\/div><\/div>[\/vc_column_inner][vc_column_inner width=\u00bb1\/3&#8243; css=\u00bb.vc_custom_1518188478198{padding-bottom: 50px !important;}\u00bb]<div class=\"stats-block stats-top  accent-icon-color  vc_custom_1650973663811\"><div class=\"aio-icon-top\"><div class=\"ult-just-icon-wrapper  \"><div class=\"align-icon\" style=\"text-align:center;\">\n<div class=\"aio-icon none \"  style=\"color:#333333;font-size:32px;display:inline-block;\">\n\t<i class=\"icomoon-fontawesome-16x16-calendar-alt\"><\/i>\n<\/div><\/div><\/div><\/div><div class=\"stats-desc\" id=\"counter-responsv-wrap-3693\"><div id=\"counter_323386902569fde6e80ce5b\" data-id=\"counter_323386902569fde6e80ce5b\"  data-ultimate-target='#counter-responsv-wrap-3693 .stats-number'  data-responsive-json-new='{\"font-size\":\"desktop:34px;\",\"line-height\":\"desktop:44px;\"}'  class=\"stats-number ult-responsive\" style=\" color:#333333; font-weight:bold;color:#333333;\" data-speed=\"3\" data-counter-value=\"22\" data-separator=\",\" data-decimal=\".\">0<\/div><div id=\"title-counter_323386902569fde6e80ce5b\"  data-ultimate-target='#counter-responsv-wrap-3693 .stats-text'  data-responsive-json-new='{\"font-size\":\"desktop:18px;\",\"line-height\":\"desktop:24px;\"}'  class=\"stats-text ult-responsive\" style=\"font-size:px; color:#333333; font-weight:bold;\">a\u00f1os experiencia<\/div><\/div><\/div>[\/vc_column_inner][vc_column_inner width=\u00bb1\/3&#8243; css=\u00bb.vc_custom_1518188484594{padding-bottom: 50px !important;}\u00bb]<div class=\"stats-block stats-top  accent-icon-color  vc_custom_1650973732372\"><div class=\"aio-icon-top\"><div class=\"ult-just-icon-wrapper  \"><div class=\"align-icon\" style=\"text-align:center;\">\n<div class=\"aio-icon none \"  style=\"color:#333333;font-size:32px;display:inline-block;\">\n\t<i class=\"icomoon-fontawesome-16x16-th-large\"><\/i>\n<\/div><\/div><\/div><\/div><div class=\"stats-desc\" id=\"counter-responsv-wrap-2356\"><div id=\"counter_49980656169fde6e80cf1f\" data-id=\"counter_49980656169fde6e80cf1f\"  data-ultimate-target='#counter-responsv-wrap-2356 .stats-number'  data-responsive-json-new='{\"font-size\":\"desktop:34px;\",\"line-height\":\"desktop:44px;\"}'  class=\"stats-number ult-responsive\" style=\" color:#333333; font-weight:bold;color:#333333;\" data-speed=\"3\" data-counter-value=\"500\" data-separator=\",\" data-decimal=\".\">0<\/div><div class=\"counter_suffix mycust ult-responsive\"  data-ultimate-target='#counter-responsv-wrap-2356 .mycust'  data-responsive-json-new='{\"font-size\":\"desktop:34px;\",\"line-height\":\"desktop:44px;\"}'  style=\" font-weight:bold;color:#333333\">+<\/div><div id=\"title-counter_49980656169fde6e80cf1f\"  data-ultimate-target='#counter-responsv-wrap-2356 .stats-text'  data-responsive-json-new='{\"font-size\":\"desktop:18px;\",\"line-height\":\"desktop:24px;\"}'  class=\"stats-text ult-responsive\" style=\"font-size:px; color:#333333; font-weight:bold;\">proyectos exitosos<\/div><\/div><\/div>[\/vc_column_inner][\/vc_row_inner][\/vc_column][vc_column css=\u00bb.vc_custom_1518450505332{margin-right: 25px !important;margin-bottom: 50px !important;margin-left: 25px !important;padding-top: 150px !important;padding-bottom: 150px !important;background-image: url(http:\/\/www.virtualdomus.com\/wp-content\/uploads\/2018\/02\/da-029.jpg?id=679) !important;background-position: center !important;background-repeat: no-repeat !important;background-size: cover !important;}\u00bb offset=\u00bbvc_col-lg-5 vc_col-md-4&#8243;][\/vc_column][\/vc_row][vc_row full_width=\u00bbstretch_row\u00bb css=\u00bb.vc_custom_1629452130012{padding-top: 100px !important;padding-bottom: 100px !important;background-color: #f9f9f9 !important;}\u00bb][vc_column][vc_row_inner][vc_column_inner width=\u00bb1\/2&#8243; css=\u00bb.vc_custom_1629450875403{margin-right: 25px !important;margin-left: 25px !important;padding-right: 50px !important;padding-left: 50px !important;}\u00bb]<div id=\"ultimate-heading-610869fde6e80cf7c\" class=\"uvc-heading ult-adjust-bottom-margin ultimate-heading-610869fde6e80cf7c uvc-4351 accent-border-color\" data-hspacer=\"line_only\"  data-halign=\"center\" style=\"text-align:center\"><div class=\"uvc-main-heading ult-responsive\"  data-ultimate-target='.uvc-heading.ultimate-heading-610869fde6e80cf7c h2'  data-responsive-json-new='{\"font-size\":\"desktop:34px;mobile_landscape:24px;\",\"line-height\":\"desktop:44px;mobile_landscape:34px;\"}' ><h2 style=\"font-weight:bold;margin-bottom:20px;\">Nuestros servicios<\/h2><\/div><div class=\"uvc-heading-spacer line_only\" style=\"margin-bottom:30px;height:4px;\"><span class=\"uvc-headings-line\" style=\"border-style:solid;border-bottom-width:4px;border-color:;width:100px;\"><\/span><\/div><\/div>[vc_column_text]<strong>VirtualDomus.com<\/strong> desarrolla soluciones profesionales online que permitan a las empresas aprovechar el poder de Internet y los nuevos medios de comunicaci\u00f3n mediante la integraci\u00f3n de diferentes recursos:[\/vc_column_text]<div class=\"standard-arrow bullet-top\"><ul style=\"margin: 0 50px;\">\n<li>An\u00e1lisis y planificaci\u00f3n de proyectos<\/li>\n<li>Dise\u00f1o digital<\/li>\n<li>Identidad corporativa<\/li>\n<li>Multimedia<\/li>\n<li>Creaci\u00f3n de sistemas de datos<\/li>\n<li>Desarrollo de aplicaciones<\/li>\n<li>Otros&#8230;<\/li>\n<\/ul>\n<\/div>[\/vc_column_inner][vc_column_inner width=\u00bb1\/2&#8243; css=\u00bb.vc_custom_1629451413252{margin-right: 25px !important;margin-left: 25px !important;padding-right: 50px !important;padding-left: 50px !important;}\u00bb]<div id=\"ultimate-heading-479769fde6e80d0aa\" class=\"uvc-heading ult-adjust-bottom-margin ultimate-heading-479769fde6e80d0aa uvc-2486 accent-border-color\" data-hspacer=\"line_only\"  data-halign=\"center\" style=\"text-align:center\"><div class=\"uvc-main-heading ult-responsive\"  data-ultimate-target='.uvc-heading.ultimate-heading-479769fde6e80d0aa h2'  data-responsive-json-new='{\"font-size\":\"desktop:34px;mobile_landscape:24px;\",\"line-height\":\"desktop:44px;mobile_landscape:34px;\"}' ><h2 style=\"font-weight:bold;margin-bottom:20px;\">Soluciones<\/h2><\/div><div class=\"uvc-heading-spacer line_only\" style=\"margin-bottom:30px;height:4px;\"><span class=\"uvc-headings-line\" style=\"border-style:solid;border-bottom-width:4px;border-color:;width:100px;\"><\/span><\/div><\/div>[vc_column_text]Nuestra empresa implementa sistemas de alto nivel, que permiten a sus clientes adaptarse a las nuevas tecnolog\u00edas.<\/p>\n<p>Con estos sistemas, nuestros clientes dispondr\u00e1n de un modelo que aporte las ventajas estrat\u00e9gicas necesarias para ganar reconocimiento en el mercado y al mismo tiempo permita mejorar el rendimiento de sus empresas.[\/vc_column_text][vc_column_text css=\u00bb.vc_custom_1650973809340{padding-top: 50px !important;padding-right: 50px !important;padding-left: 50px !important;}\u00bb]<\/p>\n<p style=\"text-align: center;\"><strong><span style=\"color: #8c8c8c;\"><em>Motivados por el deseo de ser diferentes, VirtualDomus se enfrenta a nuevos retos con el apoyo y conocimientos adquiridos en proyectos anteriores e innova estudiando los nuevos cambios y nuevas l\u00edneas de dise\u00f1o actuales.<\/em><\/span><\/strong><\/p>\n<p>[\/vc_column_text][\/vc_column_inner][\/vc_row_inner][\/vc_column][\/vc_row][vc_row full_width=\u00bbstretch_row\u00bb css_animation=\u00bbslideInUp\u00bb bg_type=\u00bbbg_color\u00bb bg_color_value=\u00bb#000000&#8243; css=\u00bb.vc_custom_1591367237831{padding-top: 60px !important;}\u00bb el_id=\u00bbcontact-cta\u00bb][vc_column][vc_row_inner][vc_column_inner width=\u00bb1\/2&#8243;][vc_column_text css_animation=\u00bbnone\u00bb]<\/p>\n<h1><span style=\"color: #ffffff;\">\u00bfQuieres asesoramiento?<\/span><\/h1>\n<p><span style=\"color: #ffffff;\">Cu\u00e9ntanos tu proyecto y te asesoraremos para que se haga realidad.<\/span>[\/vc_column_text][\/vc_column_inner][vc_column_inner width=\u00bb1\/2&#8243;]\n<div class=\"wpcf7 no-js\" id=\"wpcf7-f1336-o1\" lang=\"ca\" dir=\"ltr\" data-wpcf7-id=\"1336\">\n<div class=\"screen-reader-response\"><p role=\"status\" aria-live=\"polite\" aria-atomic=\"true\"><\/p> <ul><\/ul><\/div>\n<form action=\"\/es\/wp-json\/wp\/v2\/pages\/1344#wpcf7-f1336-o1\" method=\"post\" class=\"wpcf7-form init\" aria-label=\"Formulari de contacte\" novalidate=\"novalidate\" data-status=\"init\">\n<fieldset class=\"hidden-fields-container\"><input type=\"hidden\" name=\"_wpcf7\" value=\"1336\" \/><input type=\"hidden\" name=\"_wpcf7_version\" value=\"6.1.5\" \/><input type=\"hidden\" name=\"_wpcf7_locale\" value=\"ca\" \/><input type=\"hidden\" name=\"_wpcf7_unit_tag\" value=\"wpcf7-f1336-o1\" \/><input type=\"hidden\" name=\"_wpcf7_container_post\" value=\"0\" \/><input type=\"hidden\" name=\"_wpcf7_posted_data_hash\" value=\"\" \/><input type=\"hidden\" name=\"_wpcf7_recaptcha_response\" value=\"\" \/>\n<\/fieldset>\n<p><span class=\"wpcf7-form-control-wrap\" data-name=\"nom\"><input size=\"40\" maxlength=\"400\" class=\"wpcf7-form-control wpcf7-text wpcf7-validates-as-required\" aria-required=\"true\" aria-invalid=\"false\" placeholder=\"Nombre\" value=\"\" type=\"text\" name=\"nom\" \/><\/span>\n<\/p>\n<p><span class=\"wpcf7-form-control-wrap\" data-name=\"mail\"><input size=\"40\" maxlength=\"400\" class=\"wpcf7-form-control wpcf7-email wpcf7-validates-as-required wpcf7-text wpcf7-validates-as-email\" aria-required=\"true\" aria-invalid=\"false\" placeholder=\"Correo electr\u00f3nico\" value=\"\" type=\"email\" name=\"mail\" \/><\/span>\n<\/p>\n<p><span class=\"wpcf7-form-control-wrap\" data-name=\"acceptance\"><span class=\"wpcf7-form-control wpcf7-acceptance\"><span class=\"wpcf7-list-item\"><label><input type=\"checkbox\" name=\"acceptance\" value=\"1\" aria-invalid=\"false\" \/><span class=\"wpcf7-list-item-label\">He le\u00eddo y acepto la <a href=\"\/es\/aviso-legal\/\">Pol\u00edtica de privacidad<\/a> de VirtualDomus<\/span><\/label><\/span><\/span><\/span>\n<\/p>\n<p><input class=\"wpcf7-form-control wpcf7-submit has-spinner\" type=\"submit\" value=\"Env\u00eda\" \/>\n<\/p><div class=\"wpcf7-response-output\" aria-hidden=\"true\"><\/div>\n<\/form>\n<\/div>\n[\/vc_column_inner][\/vc_row_inner][vc_separator color=\u00bbcustom\u00bb accent_color=\u00bb#424242&#8243; css=\u00bb.vc_custom_1591278983531{margin-top: 60px !important;}\u00bb][\/vc_column][\/vc_row]<\/p>\n<\/div>","protected":false},"excerpt":{"rendered":"<p>[vc_row equal_height=\u00bbyes\u00bb bg_type=\u00bbbg_color\u00bb css=\u00bb.vc_custom_1591355672677{padding-bottom: 20px !important;}\u00bb bg_color_value=\u00bb#ffffff\u00bb][vc_column css=\u00bb.vc_custom_1629451090153{margin-right: 25px !important;margin-bottom: 50px !important;margin-left: 25px !important;padding-top: 50px !important;padding-right: 50px !important;padding-bottom: 50px !important;padding-left: 50px !important;background-color: #ffffff !important;}\u00bb offset=\u00bbvc_col-lg-7 vc_col-md-8&#8243;][vc_column_text css=\u00bb.vc_custom_1650973630463{padding-bottom: 30px !important;}\u00bb]VirtualDomus.com se cre\u00f3 en 1999 con el prop\u00f3sito de ofrecer al p\u00fablico productos basados en la edici\u00f3n multimedia online. Desde su formaci\u00f3n ha ganado reconocimiento por sus&hellip;<\/p>\n","protected":false},"author":1,"featured_media":0,"parent":0,"menu_order":30,"comment_status":"closed","ping_status":"closed","template":"","meta":{"footnotes":""},"class_list":["post-1344","page","type-page","status-publish","hentry","description-off"],"_links":{"self":[{"href":"https:\/\/www.virtualdomus.com\/es\/wp-json\/wp\/v2\/pages\/1344","targetHints":{"allow":["GET"]}}],"collection":[{"href":"https:\/\/www.virtualdomus.com\/es\/wp-json\/wp\/v2\/pages"}],"about":[{"href":"https:\/\/www.virtualdomus.com\/es\/wp-json\/wp\/v2\/types\/page"}],"author":[{"embeddable":true,"href":"https:\/\/www.virtualdomus.com\/es\/wp-json\/wp\/v2\/users\/1"}],"replies":[{"embeddable":true,"href":"https:\/\/www.virtualdomus.com\/es\/wp-json\/wp\/v2\/comments?post=1344"}],"version-history":[{"count":2,"href":"https:\/\/www.virtualdomus.com\/es\/wp-json\/wp\/v2\/pages\/1344\/revisions"}],"predecessor-version":[{"id":1349,"href":"https:\/\/www.virtualdomus.com\/es\/wp-json\/wp\/v2\/pages\/1344\/revisions\/1349"}],"wp:attachment":[{"href":"https:\/\/www.virtualdomus.com\/es\/wp-json\/wp\/v2\/media?parent=1344"}],"curies":[{"name":"wp","href":"https:\/\/api.w.org\/{rel}","templated":true}]}}